{"id":997388,"date":"2023-08-19T10:02:28","date_gmt":"2023-08-19T08:02:28","guid":{"rendered":"https:\/\/www.protubsa.com\/1-pessoas\/maurizio-del-piccolo\/"},"modified":"2026-02-24T16:12:29","modified_gmt":"2026-02-24T15:12:29","slug":"maurizio-piccolo","status":"publish","type":"page","link":"https:\/\/www.protubsa.com\/pt-pt\/recursos-humanos\/maurizio-piccolo\/","title":{"rendered":"Maurizio Del Piccolo"},"content":{"rendered":"\t\t<div data-elementor-type=\"wp-page\" data-elementor-id=\"997388\" class=\"elementor elementor-997388 elementor-5956\" data-elementor-post-type=\"page\">\n\t\t\t\t\t\t<section class=\"elementor-section elementor-top-section elementor-element elementor-element-13b582ae elementor-section-stretched elementor-section-boxed elementor-section-height-default elementor-section-height-default\" data-id=\"13b582ae\" data-element_type=\"section\" data-e-type=\"section\" data-settings=\"{&quot;stretch_section&quot;:&quot;section-stretched&quot;}\">\n\t\t\t\t\t\t<div class=\"elementor-container elementor-column-gap-no\">\n\t\t\t\t\t<div class=\"elementor-column elementor-col-100 elementor-top-column elementor-element elementor-element-2d5d6561\" data-id=\"2d5d6561\" data-element_type=\"column\" data-e-type=\"column\">\n\t\t\t<div class=\"elementor-widget-wrap elementor-element-populated\">\n\t\t\t\t\t\t<div class=\"elementor-element elementor-element-3d8313be elementor-grid-4 e-grid-align-left e-grid-align-mobile-left elementor-shape-rounded elementor-widget elementor-widget-social-icons\" data-id=\"3d8313be\" data-element_type=\"widget\" data-e-type=\"widget\" data-widget_type=\"social-icons.default\">\n\t\t\t\t<div class=\"elementor-widget-container\">\n\t\t\t\t\t\t\t<div class=\"elementor-social-icons-wrapper elementor-grid\">\n\t\t\t\t\t\t\t<span class=\"elementor-grid-item\">\n\t\t\t\t\t<a class=\"elementor-icon elementor-social-icon elementor-social-icon-linkedin-in elementor-repeater-item-7e9792e\" target=\"_blank\">\n\t\t\t\t\t\t<span class=\"elementor-screen-only\">Linkedin-in<\/span>\n\t\t\t\t\t\t<i aria-hidden=\"true\" class=\"fab fa-linkedin-in\"><\/i>\t\t\t\t\t<\/a>\n\t\t\t\t<\/span>\n\t\t\t\t\t<\/div>\n\t\t\t\t\t\t<\/div>\n\t\t\t\t<\/div>\n\t\t\t\t<section class=\"elementor-section elementor-inner-section elementor-element elementor-element-a0e8ccf elementor-section-boxed elementor-section-height-default elementor-section-height-default\" data-id=\"a0e8ccf\" data-element_type=\"section\" data-e-type=\"section\" data-settings=\"{&quot;background_background&quot;:&quot;classic&quot;}\">\n\t\t\t\t\t\t<div class=\"elementor-container elementor-column-gap-default\">\n\t\t\t\t\t<div class=\"elementor-column elementor-col-50 elementor-inner-column elementor-element elementor-element-89c721e\" data-id=\"89c721e\" data-element_type=\"column\" data-e-type=\"column\">\n\t\t\t<div class=\"elementor-widget-wrap elementor-element-populated\">\n\t\t\t\t\t\t<div class=\"vamtam-has-theme-widget-styles elementor-element elementor-element-27208e1 elementor-widget elementor-widget-text-editor\" data-id=\"27208e1\" data-element_type=\"widget\" data-e-type=\"widget\" data-widget_type=\"text-editor.default\">\n\t\t\t\t<div class=\"elementor-widget-container\">\n\t\t\t\t\t\t\t\t\t<p> <\/p><p>Em constru\u00e7\u00e3o.<\/p>\t\t\t\t\t\t\t\t<\/div>\n\t\t\t\t<\/div>\n\t\t\t\t\t<\/div>\n\t\t<\/div>\n\t\t\t\t<div class=\"elementor-column elementor-col-50 elementor-inner-column elementor-element elementor-element-bd97873 elementor-hidden-tablet elementor-hidden-mobile\" data-id=\"bd97873\" data-element_type=\"column\" data-e-type=\"column\">\n\t\t\t<div class=\"elementor-widget-wrap elementor-element-populated\">\n\t\t\t\t\t\t<div class=\"elementor-element elementor-element-b896b35 elementor-widget elementor-widget-image\" data-id=\"b896b35\" data-element_type=\"widget\" data-e-type=\"widget\" data-widget_type=\"image.default\">\n\t\t\t\t<div class=\"elementor-widget-container\">\n\t\t\t\t\t\t\t\t\t\t\t\t\t\t\t<img fetchpriority=\"high\" decoding=\"async\" width=\"1024\" height=\"1024\" src=\"https:\/\/www.protubsa.com\/wp-content\/uploads\/2024\/11\/AdobeStock_691159857-1024x1024.png\" class=\"attachment-large size-large wp-image-997305\" alt=\"Em constru\u00e7\u00e3o\" srcset=\"https:\/\/www.protubsa.com\/wp-content\/uploads\/2024\/11\/AdobeStock_691159857-1024x1024.png 1024w, https:\/\/www.protubsa.com\/wp-content\/uploads\/2024\/11\/AdobeStock_691159857-300x300.png 300w, https:\/\/www.protubsa.com\/wp-content\/uploads\/2024\/11\/AdobeStock_691159857-150x150.png 150w, https:\/\/www.protubsa.com\/wp-content\/uploads\/2024\/11\/AdobeStock_691159857-768x768.png 768w, https:\/\/www.protubsa.com\/wp-content\/uploads\/2024\/11\/AdobeStock_691159857-1536x1536.png 1536w, https:\/\/www.protubsa.com\/wp-content\/uploads\/2024\/11\/AdobeStock_691159857-2048x2048.png 2048w\" sizes=\"(max-width: 1024px) 100vw, 1024px\" \/>\t\t\t\t\t\t\t\t\t\t\t\t\t\t\t<\/div>\n\t\t\t\t<\/div>\n\t\t\t\t\t<\/div>\n\t\t<\/div>\n\t\t\t\t\t<\/div>\n\t\t<\/section>\n\t\t\t\t\t<\/div>\n\t\t<\/div>\n\t\t\t\t\t<\/div>\n\t\t<\/section>\n\t\t\t\t<\/div>\n\t\t","protected":false},"excerpt":{"rendered":"<p>Maurizio Del Piccolo CFO da Protubsa, respons\u00e1vel pelo planeamento financeiro, orientado para a otimiza\u00e7\u00e3o dos recursos, a gest\u00e3o dos riscos e o apoio \u00e0 tomada de decis\u00f5es estrat\u00e9gicas com rigor e proximidade.<\/p>\n","protected":false},"author":1,"featured_media":1001787,"parent":997376,"menu_order":0,"comment_status":"closed","ping_status":"closed","template":"","meta":{"footnotes":""},"class_list":["post-997388","page","type-page","status-publish","has-post-thumbnail","hentry"],"yoast_head":"<!-- This site is optimized with the Yoast SEO Premium plugin v27.4 (Yoast SEO v27.4) - https:\/\/yoast.com\/product\/yoast-seo-premium-wordpress\/ -->\n<title>Maurizio Del Piccolo<\/title>\n<meta name=\"description\" content=\"Maurizio Del Piccolo CFO da Protubsa, respons\u00e1vel pelas boas rela\u00e7\u00f5es e pr\u00e1ticas interpessoais, bem como pelas finan\u00e7as ao mais alto n\u00edvel.\" \/>\n<meta name=\"robots\" content=\"index, follow, max-snippet:-1, max-image-preview:large, max-video-preview:-1\" \/>\n<link rel=\"canonical\" href=\"https:\/\/www.protubsa.com\/pt-pt\/recursos-humanos\/maurizio-piccolo\/\" \/>\n<meta property=\"og:locale\" content=\"pt_PT\" \/>\n<meta property=\"og:type\" content=\"article\" \/>\n<meta property=\"og:title\" content=\"Maurizio Del Piccolo\" \/>\n<meta property=\"og:description\" content=\"Maurizio Del Piccolo CFO da Protubsa, respons\u00e1vel pelas boas rela\u00e7\u00f5es e pr\u00e1ticas interpessoais, bem como pelas finan\u00e7as ao mais alto n\u00edvel.\" \/>\n<meta property=\"og:url\" content=\"https:\/\/www.protubsa.com\/pt-pt\/recursos-humanos\/maurizio-piccolo\/\" \/>\n<meta property=\"og:site_name\" content=\"Barras y tubos de acero | Protubsa\" \/>\n<meta property=\"article:publisher\" content=\"https:\/\/www.facebook.com\/profile.php?id=100064172045907&amp;locale=es_ES\" \/>\n<meta property=\"article:modified_time\" content=\"2026-02-24T15:12:29+00:00\" \/>\n<meta property=\"og:image\" content=\"https:\/\/www.protubsa.com\/wp-content\/uploads\/2025\/10\/Maurizio5.png\" \/>\n\t<meta property=\"og:image:width\" content=\"400\" \/>\n\t<meta property=\"og:image:height\" content=\"400\" \/>\n\t<meta property=\"og:image:type\" content=\"image\/png\" \/>\n<meta name=\"twitter:card\" content=\"summary_large_image\" \/>\n<script type=\"application\/ld+json\" class=\"yoast-schema-graph\">{\"@context\":\"https:\\\/\\\/schema.org\",\"@graph\":[{\"@type\":\"WebPage\",\"@id\":\"https:\\\/\\\/www.protubsa.com\\\/pt-pt\\\/recursos-humanos\\\/maurizio-piccolo\\\/\",\"url\":\"https:\\\/\\\/www.protubsa.com\\\/pt-pt\\\/recursos-humanos\\\/maurizio-piccolo\\\/\",\"name\":\"Maurizio Del Piccolo\",\"isPartOf\":{\"@id\":\"https:\\\/\\\/www.protubsa.com\\\/pt-pt\\\/#website\"},\"primaryImageOfPage\":{\"@id\":\"https:\\\/\\\/www.protubsa.com\\\/pt-pt\\\/recursos-humanos\\\/maurizio-piccolo\\\/#primaryimage\"},\"image\":{\"@id\":\"https:\\\/\\\/www.protubsa.com\\\/pt-pt\\\/recursos-humanos\\\/maurizio-piccolo\\\/#primaryimage\"},\"thumbnailUrl\":\"https:\\\/\\\/www.protubsa.com\\\/wp-content\\\/uploads\\\/2025\\\/10\\\/Maurizio5.png\",\"datePublished\":\"2023-08-19T08:02:28+00:00\",\"dateModified\":\"2026-02-24T15:12:29+00:00\",\"description\":\"Maurizio Del Piccolo CFO da Protubsa, respons\u00e1vel pelas boas rela\u00e7\u00f5es e pr\u00e1ticas interpessoais, bem como pelas finan\u00e7as ao mais alto n\u00edvel.\",\"breadcrumb\":{\"@id\":\"https:\\\/\\\/www.protubsa.com\\\/pt-pt\\\/recursos-humanos\\\/maurizio-piccolo\\\/#breadcrumb\"},\"inLanguage\":\"pt-PT\",\"potentialAction\":[{\"@type\":\"ReadAction\",\"target\":[\"https:\\\/\\\/www.protubsa.com\\\/pt-pt\\\/recursos-humanos\\\/maurizio-piccolo\\\/\"]}]},{\"@type\":\"ImageObject\",\"inLanguage\":\"pt-PT\",\"@id\":\"https:\\\/\\\/www.protubsa.com\\\/pt-pt\\\/recursos-humanos\\\/maurizio-piccolo\\\/#primaryimage\",\"url\":\"https:\\\/\\\/www.protubsa.com\\\/wp-content\\\/uploads\\\/2025\\\/10\\\/Maurizio5.png\",\"contentUrl\":\"https:\\\/\\\/www.protubsa.com\\\/wp-content\\\/uploads\\\/2025\\\/10\\\/Maurizio5.png\",\"width\":400,\"height\":400,\"caption\":\"Maurizio del Piccolo ePROTUBSA\"},{\"@type\":\"BreadcrumbList\",\"@id\":\"https:\\\/\\\/www.protubsa.com\\\/pt-pt\\\/recursos-humanos\\\/maurizio-piccolo\\\/#breadcrumb\",\"itemListElement\":[{\"@type\":\"ListItem\",\"position\":1,\"name\":\"Portada\",\"item\":\"https:\\\/\\\/www.protubsa.com\\\/pt-pt\\\/\"},{\"@type\":\"ListItem\",\"position\":2,\"name\":\"1.Pessoas\",\"item\":\"https:\\\/\\\/www.protubsa.com\\\/pt-pt\\\/recursos-humanos\\\/\"},{\"@type\":\"ListItem\",\"position\":3,\"name\":\"Maurizio Del Piccolo\"}]},{\"@type\":\"WebSite\",\"@id\":\"https:\\\/\\\/www.protubsa.com\\\/pt-pt\\\/#website\",\"url\":\"https:\\\/\\\/www.protubsa.com\\\/pt-pt\\\/\",\"name\":\"protubsa.com\",\"description\":\"Especialista em tubos e barras de a\u00e7o.\",\"publisher\":{\"@id\":\"https:\\\/\\\/www.protubsa.com\\\/pt-pt\\\/#organization\"},\"alternateName\":\"Protubsa\",\"potentialAction\":[{\"@type\":\"SearchAction\",\"target\":{\"@type\":\"EntryPoint\",\"urlTemplate\":\"https:\\\/\\\/www.protubsa.com\\\/pt-pt\\\/?s={search_term_string}\"},\"query-input\":{\"@type\":\"PropertyValueSpecification\",\"valueRequired\":true,\"valueName\":\"search_term_string\"}}],\"inLanguage\":\"pt-PT\"},{\"@type\":\"Organization\",\"@id\":\"https:\\\/\\\/www.protubsa.com\\\/pt-pt\\\/#organization\",\"name\":\"Proveedora de Tubos Occidental, S.L.\",\"alternateName\":\"Protubsa\",\"url\":\"https:\\\/\\\/www.protubsa.com\\\/pt-pt\\\/\",\"logo\":{\"@type\":\"ImageObject\",\"inLanguage\":\"pt-PT\",\"@id\":\"https:\\\/\\\/www.protubsa.com\\\/pt-pt\\\/#\\\/schema\\\/logo\\\/image\\\/\",\"url\":\"https:\\\/\\\/www.protubsa.com\\\/wp-content\\\/uploads\\\/2025\\\/01\\\/LogoProtu2025.jpg\",\"contentUrl\":\"https:\\\/\\\/www.protubsa.com\\\/wp-content\\\/uploads\\\/2025\\\/01\\\/LogoProtu2025.jpg\",\"width\":1280,\"height\":1280,\"caption\":\"Proveedora de Tubos Occidental, S.L.\"},\"image\":{\"@id\":\"https:\\\/\\\/www.protubsa.com\\\/pt-pt\\\/#\\\/schema\\\/logo\\\/image\\\/\"},\"sameAs\":[\"https:\\\/\\\/www.facebook.com\\\/profile.php?id=100064172045907&locale=es_ES\",\"https:\\\/\\\/www.youtube.com\\\/channel\\\/UCMGVivO-ehOsDOvQBWdhA7A\",\"https:\\\/\\\/www.linkedin.com\\\/company\\\/proveedora-de-tubos-occidental-s-l-protubsa\\\/?originalSubdomain=es\"],\"description\":\"Empresa distribuidora de tubos y barras de acero en aplicaciones en: hidr\u00e1ulica\\\/neum\u00e1tica, mec\u00e1nica, estructuras e industria, Oil-Gas.\",\"email\":\"protubsa@protubsa.com\",\"telephone\":\"+34 977 677 913\",\"legalName\":\"Proveedora de Tubos Occidental, S.L.\",\"foundingDate\":\"1994-10-10\",\"vatID\":\"B01267277\",\"numberOfEmployees\":{\"@type\":\"QuantitativeValue\",\"minValue\":\"51\",\"maxValue\":\"200\"},\"ethicsPolicy\":\"https:\\\/\\\/www.protubsa.com\\\/aviso-legal\\\/\"}]}<\/script>\n<!-- \/ Yoast SEO Premium plugin. -->","yoast_head_json":{"title":"Maurizio Del Piccolo","description":"Maurizio Del Piccolo CFO da Protubsa, respons\u00e1vel pelas boas rela\u00e7\u00f5es e pr\u00e1ticas interpessoais, bem como pelas finan\u00e7as ao mais alto n\u00edvel.","robots":{"index":"index","follow":"follow","max-snippet":"max-snippet:-1","max-image-preview":"max-image-preview:large","max-video-preview":"max-video-preview:-1"},"canonical":"https:\/\/www.protubsa.com\/pt-pt\/recursos-humanos\/maurizio-piccolo\/","og_locale":"pt_PT","og_type":"article","og_title":"Maurizio Del Piccolo","og_description":"Maurizio Del Piccolo CFO da Protubsa, respons\u00e1vel pelas boas rela\u00e7\u00f5es e pr\u00e1ticas interpessoais, bem como pelas finan\u00e7as ao mais alto n\u00edvel.","og_url":"https:\/\/www.protubsa.com\/pt-pt\/recursos-humanos\/maurizio-piccolo\/","og_site_name":"Barras y tubos de acero | Protubsa","article_publisher":"https:\/\/www.facebook.com\/profile.php?id=100064172045907&locale=es_ES","article_modified_time":"2026-02-24T15:12:29+00:00","og_image":[{"width":400,"height":400,"url":"https:\/\/www.protubsa.com\/wp-content\/uploads\/2025\/10\/Maurizio5.png","type":"image\/png"}],"twitter_card":"summary_large_image","schema":{"@context":"https:\/\/schema.org","@graph":[{"@type":"WebPage","@id":"https:\/\/www.protubsa.com\/pt-pt\/recursos-humanos\/maurizio-piccolo\/","url":"https:\/\/www.protubsa.com\/pt-pt\/recursos-humanos\/maurizio-piccolo\/","name":"Maurizio Del Piccolo","isPartOf":{"@id":"https:\/\/www.protubsa.com\/pt-pt\/#website"},"primaryImageOfPage":{"@id":"https:\/\/www.protubsa.com\/pt-pt\/recursos-humanos\/maurizio-piccolo\/#primaryimage"},"image":{"@id":"https:\/\/www.protubsa.com\/pt-pt\/recursos-humanos\/maurizio-piccolo\/#primaryimage"},"thumbnailUrl":"https:\/\/www.protubsa.com\/wp-content\/uploads\/2025\/10\/Maurizio5.png","datePublished":"2023-08-19T08:02:28+00:00","dateModified":"2026-02-24T15:12:29+00:00","description":"Maurizio Del Piccolo CFO da Protubsa, respons\u00e1vel pelas boas rela\u00e7\u00f5es e pr\u00e1ticas interpessoais, bem como pelas finan\u00e7as ao mais alto n\u00edvel.","breadcrumb":{"@id":"https:\/\/www.protubsa.com\/pt-pt\/recursos-humanos\/maurizio-piccolo\/#breadcrumb"},"inLanguage":"pt-PT","potentialAction":[{"@type":"ReadAction","target":["https:\/\/www.protubsa.com\/pt-pt\/recursos-humanos\/maurizio-piccolo\/"]}]},{"@type":"ImageObject","inLanguage":"pt-PT","@id":"https:\/\/www.protubsa.com\/pt-pt\/recursos-humanos\/maurizio-piccolo\/#primaryimage","url":"https:\/\/www.protubsa.com\/wp-content\/uploads\/2025\/10\/Maurizio5.png","contentUrl":"https:\/\/www.protubsa.com\/wp-content\/uploads\/2025\/10\/Maurizio5.png","width":400,"height":400,"caption":"Maurizio del Piccolo ePROTUBSA"},{"@type":"BreadcrumbList","@id":"https:\/\/www.protubsa.com\/pt-pt\/recursos-humanos\/maurizio-piccolo\/#breadcrumb","itemListElement":[{"@type":"ListItem","position":1,"name":"Portada","item":"https:\/\/www.protubsa.com\/pt-pt\/"},{"@type":"ListItem","position":2,"name":"1.Pessoas","item":"https:\/\/www.protubsa.com\/pt-pt\/recursos-humanos\/"},{"@type":"ListItem","position":3,"name":"Maurizio Del Piccolo"}]},{"@type":"WebSite","@id":"https:\/\/www.protubsa.com\/pt-pt\/#website","url":"https:\/\/www.protubsa.com\/pt-pt\/","name":"protubsa.com","description":"Especialista em tubos e barras de a\u00e7o.","publisher":{"@id":"https:\/\/www.protubsa.com\/pt-pt\/#organization"},"alternateName":"Protubsa","potentialAction":[{"@type":"SearchAction","target":{"@type":"EntryPoint","urlTemplate":"https:\/\/www.protubsa.com\/pt-pt\/?s={search_term_string}"},"query-input":{"@type":"PropertyValueSpecification","valueRequired":true,"valueName":"search_term_string"}}],"inLanguage":"pt-PT"},{"@type":"Organization","@id":"https:\/\/www.protubsa.com\/pt-pt\/#organization","name":"Proveedora de Tubos Occidental, S.L.","alternateName":"Protubsa","url":"https:\/\/www.protubsa.com\/pt-pt\/","logo":{"@type":"ImageObject","inLanguage":"pt-PT","@id":"https:\/\/www.protubsa.com\/pt-pt\/#\/schema\/logo\/image\/","url":"https:\/\/www.protubsa.com\/wp-content\/uploads\/2025\/01\/LogoProtu2025.jpg","contentUrl":"https:\/\/www.protubsa.com\/wp-content\/uploads\/2025\/01\/LogoProtu2025.jpg","width":1280,"height":1280,"caption":"Proveedora de Tubos Occidental, S.L."},"image":{"@id":"https:\/\/www.protubsa.com\/pt-pt\/#\/schema\/logo\/image\/"},"sameAs":["https:\/\/www.facebook.com\/profile.php?id=100064172045907&locale=es_ES","https:\/\/www.youtube.com\/channel\/UCMGVivO-ehOsDOvQBWdhA7A","https:\/\/www.linkedin.com\/company\/proveedora-de-tubos-occidental-s-l-protubsa\/?originalSubdomain=es"],"description":"Empresa distribuidora de tubos y barras de acero en aplicaciones en: hidr\u00e1ulica\/neum\u00e1tica, mec\u00e1nica, estructuras e industria, Oil-Gas.","email":"protubsa@protubsa.com","telephone":"+34 977 677 913","legalName":"Proveedora de Tubos Occidental, S.L.","foundingDate":"1994-10-10","vatID":"B01267277","numberOfEmployees":{"@type":"QuantitativeValue","minValue":"51","maxValue":"200"},"ethicsPolicy":"https:\/\/www.protubsa.com\/aviso-legal\/"}]}},"_links":{"self":[{"href":"https:\/\/www.protubsa.com\/pt-pt\/wp-json\/wp\/v2\/pages\/997388","targetHints":{"allow":["GET"]}}],"collection":[{"href":"https:\/\/www.protubsa.com\/pt-pt\/wp-json\/wp\/v2\/pages"}],"about":[{"href":"https:\/\/www.protubsa.com\/pt-pt\/wp-json\/wp\/v2\/types\/page"}],"author":[{"embeddable":true,"href":"https:\/\/www.protubsa.com\/pt-pt\/wp-json\/wp\/v2\/users\/1"}],"replies":[{"embeddable":true,"href":"https:\/\/www.protubsa.com\/pt-pt\/wp-json\/wp\/v2\/comments?post=997388"}],"version-history":[{"count":2,"href":"https:\/\/www.protubsa.com\/pt-pt\/wp-json\/wp\/v2\/pages\/997388\/revisions"}],"predecessor-version":[{"id":1002416,"href":"https:\/\/www.protubsa.com\/pt-pt\/wp-json\/wp\/v2\/pages\/997388\/revisions\/1002416"}],"up":[{"embeddable":true,"href":"https:\/\/www.protubsa.com\/pt-pt\/wp-json\/wp\/v2\/pages\/997376"}],"wp:featuredmedia":[{"embeddable":true,"href":"https:\/\/www.protubsa.com\/pt-pt\/wp-json\/wp\/v2\/media\/1001787"}],"wp:attachment":[{"href":"https:\/\/www.protubsa.com\/pt-pt\/wp-json\/wp\/v2\/media?parent=997388"}],"curies":[{"name":"wp","href":"https:\/\/api.w.org\/{rel}","templated":true}]}}